{"id":11327,"date":"2021-10-07T08:32:19","date_gmt":"2021-10-07T08:32:19","guid":{"rendered":"https:\/\/www.dontwait4me.com\/chi-siamo\/"},"modified":"2025-07-30T08:16:49","modified_gmt":"2025-07-30T08:16:49","slug":"chi-siamo","status":"publish","type":"page","link":"http:\/\/www.dontwait4me.com\/it\/chi-siamo\/","title":{"rendered":"Chi siamo"},"content":{"rendered":"\t\t<div data-elementor-type=\"wp-page\" data-elementor-id=\"11327\" class=\"elementor elementor-11327 elementor-1140\">\n\t\t\t\t\t\t<section class=\"elementor-section elementor-top-section elementor-element elementor-element-dc36d44 elementor-section-full_width qodef-elementor-content-grid elementor-section-height-default elementor-section-height-default\" data-id=\"dc36d44\" data-element_type=\"section\" data-e-type=\"section\">\n\t\t\t\t\t\t<div class=\"elementor-container elementor-column-gap-default\">\n\t\t\t\t\t<div class=\"elementor-column elementor-col-33 elementor-top-column elementor-element elementor-element-29009b1\" data-id=\"29009b1\" data-element_type=\"column\" data-e-type=\"column\">\n\t\t\t<div class=\"elementor-widget-wrap elementor-element-populated\">\n\t\t\t\t\t\t<section class=\"elementor-section elementor-inner-section elementor-element elementor-element-2e7835b elementor-section-boxed elementor-section-height-default elementor-section-height-default qodef-elementor-content-no\" data-id=\"2e7835b\" data-element_type=\"section\" data-e-type=\"section\">\n\t\t\t\t\t\t<div class=\"elementor-container elementor-column-gap-default\">\n\t\t\t\t\t<div class=\"elementor-column elementor-col-100 elementor-inner-column elementor-element elementor-element-9445372\" data-id=\"9445372\" data-element_type=\"column\" data-e-type=\"column\">\n\t\t\t<div class=\"elementor-widget-wrap elementor-element-populated\">\n\t\t\t\t\t\t<div class=\"elementor-element elementor-element-503d89d elementor-widget elementor-widget-halstein_core_single_image\" data-id=\"503d89d\" data-element_type=\"widget\" data-e-type=\"widget\" data-widget_type=\"halstein_core_single_image.default\">\n\t\t\t\t<div class=\"elementor-widget-container\">\n\t\t\t\t\t<div class=\"qodef-shortcode qodef-m  qodef-single-image qodef-layout--default     \">\n\t<div class=\"qodef-m-image \">\n\t\t\t\t<img decoding=\"async\" width=\"1\" height=\"290\" src=\"http:\/\/www.dontwait4me.com\/wp-content\/uploads\/2021\/10\/h1-img-014.png\" class=\"attachment-full size-full\" alt=\"t\" \/>\t\t\t<\/div>\n<\/div>\n\t\t\t\t<\/div>\n\t\t\t\t<\/div>\n\t\t\t\t\t<\/div>\n\t\t<\/div>\n\t\t\t\t\t<\/div>\n\t\t<\/section>\n\t\t\t\t\t<\/div>\n\t\t<\/div>\n\t\t\t\t<div class=\"elementor-column elementor-col-66 elementor-top-column elementor-element elementor-element-55a6172\" data-id=\"55a6172\" data-element_type=\"column\" data-e-type=\"column\">\n\t\t\t<div class=\"elementor-widget-wrap elementor-element-populated\">\n\t\t\t\t\t\t<section class=\"elementor-section elementor-inner-section elementor-element elementor-element-4027888 elementor-section-full_width elementor-section-height-default elementor-section-height-default qodef-elementor-content-no\" data-id=\"4027888\" data-element_type=\"section\" data-e-type=\"section\">\n\t\t\t\t\t\t<div class=\"elementor-container elementor-column-gap-default\">\n\t\t\t\t\t<div class=\"elementor-column elementor-col-100 elementor-inner-column elementor-element elementor-element-8f0ba53\" data-id=\"8f0ba53\" data-element_type=\"column\" data-e-type=\"column\">\n\t\t\t<div class=\"elementor-widget-wrap elementor-element-populated\">\n\t\t\t\t\t\t<div class=\"elementor-element elementor-element-9c74d8a elementor-widget__width-initial elementor-widget elementor-widget-halstein_core_section_title\" data-id=\"9c74d8a\" data-element_type=\"widget\" data-e-type=\"widget\" data-widget_type=\"halstein_core_section_title.default\">\n\t\t\t\t<div class=\"elementor-widget-container\">\n\t\t\t\t\t<div class=\"qodef-shortcode qodef-m  qodef-section-title qodef-alignment--left  \">\n\t\t\t<h2 class=\"qodef-m-title\" >\n\t\t\t\t\tDai il via alle tue idee <span class=\"qodef-highlight-text\" style=\"color: #B29063\">creative. Qualunque<\/span> cosa tu immagini, la realizzeremo con il nostro team di specialisti. \t\t\t<\/h2>\n\t\t<h6 class=\"qodef-m-subtitle\" style=\"margin-top: 55px\">\n\t\tJane Katharina di Renzo\t<\/h6>\n\t\t<\/div>\n\t\t\t\t<\/div>\n\t\t\t\t<\/div>\n\t\t\t\t\t<\/div>\n\t\t<\/div>\n\t\t\t\t\t<\/div>\n\t\t<\/section>\n\t\t\t\t\t<\/div>\n\t\t<\/div>\n\t\t\t\t\t<\/div>\n\t\t<\/section>\n\t\t\t\t<section class=\"elementor-section elementor-top-section elementor-element elementor-element-6f88544 elementor-section-full_width qodef-elementor-content-grid elementor-section-height-default elementor-section-height-default\" data-id=\"6f88544\" data-element_type=\"section\" data-e-type=\"section\">\n\t\t\t\t\t\t<div class=\"elementor-container elementor-column-gap-default\">\n\t\t\t\t\t<div class=\"elementor-column elementor-col-100 elementor-top-column elementor-element elementor-element-bc17f53\" data-id=\"bc17f53\" data-element_type=\"column\" data-e-type=\"column\">\n\t\t\t<div class=\"elementor-widget-wrap elementor-element-populated\">\n\t\t\t\t\t\t<div class=\"elementor-element elementor-element-f6159e4 elementor-widget__width-initial elementor-widget elementor-widget-halstein_core_section_title\" data-id=\"f6159e4\" data-element_type=\"widget\" data-e-type=\"widget\" data-widget_type=\"halstein_core_section_title.default\">\n\t\t\t\t<div class=\"elementor-widget-container\">\n\t\t\t\t\t<div class=\"qodef-shortcode qodef-m  qodef-section-title qodef-alignment--left  \">\n\t\t<h6 class=\"qodef-m-tagline\" >\n\t\tIl tuo percorso verso il successo in Europa inizia qui\t<\/h6>\n\t\t<h2 class=\"qodef-m-title\" >\n\t\t\t\t\tCompetenze e ruoli in cui siamo leader.\t\t\t<\/h2>\n\t\t\t<\/div>\n\t\t\t\t<\/div>\n\t\t\t\t<\/div>\n\t\t\t\t<section class=\"elementor-section elementor-inner-section elementor-element elementor-element-039603f elementor-section-boxed elementor-section-height-default elementor-section-height-default qodef-elementor-content-no\" data-id=\"039603f\" data-element_type=\"section\" data-e-type=\"section\">\n\t\t\t\t\t\t<div class=\"elementor-container elementor-column-gap-default\">\n\t\t\t\t\t<div class=\"elementor-column elementor-col-50 elementor-inner-column elementor-element elementor-element-b313fb7\" data-id=\"b313fb7\" data-element_type=\"column\" data-e-type=\"column\">\n\t\t\t<div class=\"elementor-widget-wrap elementor-element-populated\">\n\t\t\t\t\t\t<div class=\"elementor-element elementor-element-0f93ce8 elementor-widget elementor-widget-halstein_core_list_items\" data-id=\"0f93ce8\" data-element_type=\"widget\" data-e-type=\"widget\" data-widget_type=\"halstein_core_list_items.default\">\n\t\t\t\t<div class=\"elementor-widget-container\">\n\t\t\t\t\t<div class=\"qodef-shortcode qodef-m  qodef-list-items qodef-layout--numbered-list \">\n\t\t\t<ol class=\"qodef-m-list\" >\n\t\t\t\t\t\t\t\t<li class=\"qodef-m-list-item\" >\n\t\t<h4 class=\"qodef-m-list-item-title\" >\n\t\t\t\tEccellenza nell&#039;espansione\t\t\t<\/h4>\n\t<p class=\"qodef-m-list-item-text\" >\n\t\tIl nostro obiettivo principale \u00e8 supportare le PMI turche nell&#039;espansione delle loro attivit\u00e0 in Europa senza problemi. Ci impegniamo a rendere il processo di espansione il pi\u00f9 agevole ed efficiente possibile, assicurandoti di poter sfruttare il vasto potenziale del mercato tedesco senza inutili ostacoli. \t<\/p>\n<\/li>\n\t\t\t\t\t\t\t\t<li class=\"qodef-m-list-item\" >\n\t\t<h4 class=\"qodef-m-list-item-title\" >\n\t\t\t\tEfficienza dei costi\t\t\t<\/h4>\n\t<p class=\"qodef-m-list-item-text\" >\n\t\tI nostri servizi sono progettati per farti risparmiare tempo e denaro. Scegliendo la giusta posizione fin dall&#039;inizio, puoi evitare costosi errori e assicurarti che la tua attivit\u00e0 sia ben posizionata per la crescita e la redditivit\u00e0. \t<\/p>\n<\/li>\n\t\t\t\t<\/ol>\n\t<\/div>\n\t\t\t\t<\/div>\n\t\t\t\t<\/div>\n\t\t\t\t\t<\/div>\n\t\t<\/div>\n\t\t\t\t<div class=\"elementor-column elementor-col-50 elementor-inner-column elementor-element elementor-element-0d98797\" data-id=\"0d98797\" data-element_type=\"column\" data-e-type=\"column\">\n\t\t\t<div class=\"elementor-widget-wrap elementor-element-populated\">\n\t\t\t\t\t\t<div class=\"elementor-element elementor-element-db9347b elementor-widget elementor-widget-halstein_core_list_items\" data-id=\"db9347b\" data-element_type=\"widget\" data-e-type=\"widget\" data-widget_type=\"halstein_core_list_items.default\">\n\t\t\t\t<div class=\"elementor-widget-container\">\n\t\t\t\t\t<div class=\"qodef-shortcode qodef-m  qodef-list-items qodef-layout--numbered-list \">\n\t\t\t<ol class=\"qodef-m-list\" style=\"counter-reset: counter 4\">\n\t\t\t\t\t\t\t\t<li class=\"qodef-m-list-item\" >\n\t\t<h4 class=\"qodef-m-list-item-title\" >\n\t\t\t\tSoluzioni personalizzate\t\t\t<\/h4>\n\t<p class=\"qodef-m-list-item-text\" >\n\t\tOgni azienda ha le proprie esigenze specifiche e la tua posizione dovrebbe rifletterlo. Lavoriamo a stretto contatto con te per comprendere le tue esigenze e preferenze specifiche. In questo modo, possiamo offrirti un servizio di scouting di location personalizzato che corrisponda alla tua visione e ai tuoi obiettivi  \t<\/p>\n<\/li>\n\t\t\t\t\t\t\t\t<li class=\"qodef-m-list-item\" >\n\t\t<h4 class=\"qodef-m-list-item-title\" >\n\t\t\t\tAnalisi completa\t\t\t<\/h4>\n\t<p class=\"qodef-m-list-item-text\" >\n\t\tSelezionare la posizione giusta non significa solo geografia. Si tratta anche di potenziale di mercato, infrastrutture, disponibilit\u00e0 di forza lavoro e altro ancora. Conduciamo un&#039;analisi completa di ogni posizione, tenendo conto di fattori come le dinamiche del mercato, l&#039;accessibilit\u00e0, la concorrenza e le considerazioni normative.  \t<\/p>\n<\/li>\n\t\t\t\t<\/ol>\n\t<\/div>\n\t\t\t\t<\/div>\n\t\t\t\t<\/div>\n\t\t\t\t\t<\/div>\n\t\t<\/div>\n\t\t\t\t\t<\/div>\n\t\t<\/section>\n\t\t\t\t\t<\/div>\n\t\t<\/div>\n\t\t\t\t\t<\/div>\n\t\t<\/section>\n\t\t<div class=\"elementor-element elementor-element-32954f9 e-grid e-con-boxed e-con e-parent\" data-id=\"32954f9\" data-element_type=\"container\" data-e-type=\"container\">\n\t\t\t\t\t<div class=\"e-con-inner\">\n\t\t\t\t<div class=\"elementor-element elementor-element-39022fb elementor-widget elementor-widget-qi_addons_for_elementor_team_member\" data-id=\"39022fb\" data-element_type=\"widget\" data-e-type=\"widget\" data-widget_type=\"qi_addons_for_elementor_team_member.default\">\n\t\t\t\t<div class=\"elementor-widget-container\">\n\t\t\t\t\t<div class=\"qodef-shortcode qodef-m qodef-qi-team-member qodef-item-layout--info-below\">\n\t<div class=\"qodef-m-inner\">\n\t\t<div class=\"qodef-m-image\">\n\t\t\t\t<div class=\"qodef-m-media-image\">\n\t\t<img fetchpriority=\"high\" decoding=\"async\" width=\"2560\" height=\"2180\" src=\"http:\/\/www.dontwait4me.com\/wp-content\/uploads\/2025\/03\/Merve-scaled.jpg\" class=\"attachment-full size-full\" alt=\"\" srcset=\"http:\/\/www.dontwait4me.com\/wp-content\/uploads\/2025\/03\/Merve-scaled.jpg 2560w, http:\/\/www.dontwait4me.com\/wp-content\/uploads\/2025\/03\/Merve-300x256.jpg 300w, http:\/\/www.dontwait4me.com\/wp-content\/uploads\/2025\/03\/Merve-1024x872.jpg 1024w, http:\/\/www.dontwait4me.com\/wp-content\/uploads\/2025\/03\/Merve-768x654.jpg 768w, http:\/\/www.dontwait4me.com\/wp-content\/uploads\/2025\/03\/Merve-1536x1308.jpg 1536w, http:\/\/www.dontwait4me.com\/wp-content\/uploads\/2025\/03\/Merve-2048x1744.jpg 2048w, http:\/\/www.dontwait4me.com\/wp-content\/uploads\/2025\/03\/Merve-14x12.jpg 14w\" sizes=\"(max-width: 2560px) 100vw, 2560px\" \/>\t<\/div>\n\t\t<\/div>\n\t\t<div class=\"qodef-m-content\">\n\t\t\t\t<h4 itemprop=\"name\" class=\"qodef-m-title\">\n\t\tMerve \u00e7akalo\u011flu\t<\/h4>\n\t\t\t\t\t<p class=\"qodef-m-role\">Consulente per lo sviluppo del business internazionale<\/p>\n\t\t\t\t<div class=\"qodef-m-social-icons\">\n\t\t\t\t\t\t\t<a class=\"qodef-e-social-icon-link\" itemprop=\"url\" href=\"http:\/\/mervcakal@gmail.com\" target=\"_blank\" rel=\"nofollow\">\n\t\t\t\t\t\t\t\t<span class=\"qodef-e-social-icon\">\n\t\t\t\t\t<i aria-hidden=\"true\" class=\"far fa-envelope\"><\/i>\t\t\t\t<\/span>\n\t\t\t\t\t\t\t\t\t<\/a>\n\t\t\t\t\t\t<\/div>\n\t\t<\/div>\n\t<\/div>\n<\/div>\n\t\t\t\t<\/div>\n\t\t\t\t<\/div>\n\t\t\t\t<div class=\"elementor-element elementor-element-ab3d5e7 elementor-widget elementor-widget-halstein_core_list_items\" data-id=\"ab3d5e7\" data-element_type=\"widget\" data-e-type=\"widget\" data-widget_type=\"halstein_core_list_items.default\">\n\t\t\t\t<div class=\"elementor-widget-container\">\n\t\t\t\t\t<div class=\"qodef-shortcode qodef-m  qodef-list-items qodef-layout--bulleted-list \">\n\t\t\t<ul class=\"qodef-m-list\" >\n\t\t\t\t\t\t\t\t<li class=\"qodef-m-list-item\" >\n\t<span class=\"qodef-m-list-item-marker\" >\n\t<svg class=\"qodef-svg--bulleted-list-marker qodef-m-marker\" xmlns=\"http:\/\/www.w3.org\/2000\/svg\" width=\"9\" height=\"9\" viewBox=\"0 0 9 9\"><path d=\"M4.5 0A4.5 4.5 0 1 1 0 4.5 4.5 4.5 0 0 1 4.5 0Z\"\/><\/svg><\/span>\n\t<h4 class=\"qodef-m-list-item-title\" >\n\t\t\t\tIncontra Merve \u2013 la tua consulente aziendale in Europa\t\t\t<\/h4>\n\t<p class=\"qodef-m-list-item-text\" >\n\t\tMerve sar\u00e0 la tua consulente di fiducia nel tuo percorso per avviare o espandere la tua attivit\u00e0 in Europa. Con 15 anni di esperienza nel marketing in imprese globali e startup, porta una profonda esperienza nelle strategie di ingresso nel mercato, nel branding e nello sviluppo del business. Appassionata di aiutare le aziende a crescere, Merve fornisce strategie innovative su misura per le tue esigenze specifiche. Che tu stia navigando in nuovi mercati, affinando il tuo marchio o ridimensionando le operazioni, garantisce un approccio strategico e orientato ai risultati, fornendo approfondimenti strategici per aiutarti ad avere successo. Parla correntemente turco e inglese, con competenza in olandese. Merve ti guider\u00e0 attraverso le complessit\u00e0 del mercato europeo con chiarezza e sicurezza. Diamo forma insieme al tuo successo. Saluta.        \t<\/p>\n<\/li>\n\t\t\t\t<\/ul>\n\t<\/div>\n\t\t\t\t<\/div>\n\t\t\t\t<\/div>\n\t\t\t\t\t<\/div>\n\t\t\t\t<\/div>\n\t\t<div class=\"elementor-element elementor-element-a4e3b8e e-grid e-con-boxed e-con e-parent\" data-id=\"a4e3b8e\" data-element_type=\"container\" data-e-type=\"container\">\n\t\t\t\t\t<div class=\"e-con-inner\">\n\t\t\t\t<div class=\"elementor-element elementor-element-d5592b9 elementor-widget elementor-widget-halstein_core_list_items\" data-id=\"d5592b9\" data-element_type=\"widget\" data-e-type=\"widget\" data-widget_type=\"halstein_core_list_items.default\">\n\t\t\t\t<div class=\"elementor-widget-container\">\n\t\t\t\t\t<div class=\"qodef-shortcode qodef-m  qodef-list-items qodef-layout--bulleted-list \">\n\t\t\t<ul class=\"qodef-m-list\" >\n\t\t\t\t\t\t\t\t<li class=\"qodef-m-list-item\" >\n\t<span class=\"qodef-m-list-item-marker\" >\n\t<svg class=\"qodef-svg--bulleted-list-marker qodef-m-marker\" xmlns=\"http:\/\/www.w3.org\/2000\/svg\" width=\"9\" height=\"9\" viewBox=\"0 0 9 9\"><path d=\"M4.5 0A4.5 4.5 0 1 1 0 4.5 4.5 4.5 0 0 1 4.5 0Z\"\/><\/svg><\/span>\n\t<h4 class=\"qodef-m-list-item-title\" >\n\t\t\t\tJane sar\u00e0 il tuo partner esperto nel lancio e nell&#039;espansione della tua attivit\u00e0.\t\t\t<\/h4>\n\t<p class=\"qodef-m-list-item-text\" >\n\t\tCon oltre un decennio di esperienza nella fondazione e nel ridimensionamento di imprese, \u00e8 specializzata nella costituzione di societ\u00e0, nell&#039;espansione strategica e nella gestione dei contratti. Avendo stabilito con successo attivit\u00e0 commerciali turche in Germania in vari settori, Jane comprende le complessit\u00e0 della crescita aziendale transfrontaliera. La sua esperienza in Strategic Foresight e Marketing le consente di elaborare strategie lungimiranti su misura per il tuo successo. Che tu stia entrando in un nuovo mercato, ottimizzando le operazioni o assicurandoti partnership strategiche, Jane garantisce un processo fluido e orientato ai risultati. Lingue: inglese, tedesco, italiano, turco. Costruiamo la tua attivit\u00e0 con fiducia. Saluta.      \t<\/p>\n<\/li>\n\t\t\t\t<\/ul>\n\t<\/div>\n\t\t\t\t<\/div>\n\t\t\t\t<\/div>\n\t\t\t\t<div class=\"elementor-element elementor-element-beec7a6 elementor-widget elementor-widget-qi_addons_for_elementor_team_member\" data-id=\"beec7a6\" data-element_type=\"widget\" data-e-type=\"widget\" data-widget_type=\"qi_addons_for_elementor_team_member.default\">\n\t\t\t\t<div class=\"elementor-widget-container\">\n\t\t\t\t\t<div class=\"qodef-shortcode qodef-m qodef-qi-team-member qodef-item-layout--info-below\">\n\t<div class=\"qodef-m-inner\">\n\t\t<div class=\"qodef-m-image\">\n\t\t\t\t<div class=\"qodef-m-media-image\">\n\t\t<img decoding=\"async\" width=\"480\" height=\"506\" src=\"http:\/\/www.dontwait4me.com\/wp-content\/uploads\/2025\/03\/IMG_6827-1.jpeg\" class=\"attachment-full size-full\" alt=\"\" srcset=\"http:\/\/www.dontwait4me.com\/wp-content\/uploads\/2025\/03\/IMG_6827-1.jpeg 480w, http:\/\/www.dontwait4me.com\/wp-content\/uploads\/2025\/03\/IMG_6827-1-285x300.jpeg 285w, http:\/\/www.dontwait4me.com\/wp-content\/uploads\/2025\/03\/IMG_6827-1-11x12.jpeg 11w\" sizes=\"(max-width: 480px) 100vw, 480px\" \/>\t<\/div>\n\t\t<\/div>\n\t\t<div class=\"qodef-m-content\">\n\t\t\t\t<h4 itemprop=\"name\" class=\"qodef-m-title\">\n\t\tJane Katharina di Renzo\t<\/h4>\n\t\t\t\t\t<p class=\"qodef-m-role\">Consulente per lo sviluppo del business internazionale<\/p>\n\t\t\t\t<div class=\"qodef-m-social-icons\">\n\t\t\t\t\t\t\t<a class=\"qodef-e-social-icon-link\" itemprop=\"url\" href=\"http:\/\/mervcakal@gmail.com\" target=\"_blank\" rel=\"nofollow\">\n\t\t\t\t\t\t\t\t<span class=\"qodef-e-social-icon\">\n\t\t\t\t\t<i aria-hidden=\"true\" class=\"far fa-envelope\"><\/i>\t\t\t\t<\/span>\n\t\t\t\t\t\t\t\t\t<\/a>\n\t\t\t\t\t\t<\/div>\n\t\t<\/div>\n\t<\/div>\n<\/div>\n\t\t\t\t<\/div>\n\t\t\t\t<\/div>\n\t\t\t\t\t<\/div>\n\t\t\t\t<\/div>\n\t\t\t\t<section class=\"elementor-section elementor-top-section elementor-element elementor-element-41c2d8e elementor-section-full_width elementor-section-height-default elementor-section-height-default qodef-elementor-content-no\" data-id=\"41c2d8e\" data-element_type=\"section\" data-e-type=\"section\">\n\t\t\t\t\t\t<div class=\"elementor-container elementor-column-gap-default\">\n\t\t\t\t\t<div class=\"elementor-column elementor-col-100 elementor-top-column elementor-element elementor-element-ee9175b\" data-id=\"ee9175b\" data-element_type=\"column\" data-e-type=\"column\">\n\t\t\t<div class=\"elementor-widget-wrap elementor-element-populated\">\n\t\t\t\t\t\t<div class=\"elementor-element elementor-element-765a4ea elementor-widget elementor-widget-spacer\" data-id=\"765a4ea\" data-element_type=\"widget\" data-e-type=\"widget\" data-widget_type=\"spacer.default\">\n\t\t\t\t<div class=\"elementor-widget-container\">\n\t\t\t\t\t\t\t<div class=\"elementor-spacer\">\n\t\t\t<div class=\"elementor-spacer-inner\"><\/div>\n\t\t<\/div>\n\t\t\t\t\t\t<\/div>\n\t\t\t\t<\/div>\n\t\t\t\t<div class=\"elementor-element elementor-element-6f944b8 elementor-widget elementor-widget-halstein_core_video_button_with_text\" data-id=\"6f944b8\" data-element_type=\"widget\" data-e-type=\"widget\" data-widget_type=\"halstein_core_video_button_with_text.default\">\n\t\t\t\t<div class=\"elementor-widget-container\">\n\t\t\t\t\t<div class=\"qodef-shortcode qodef-m  qodef-video-button-with-text qodef-layout--video-button-left \">\n\t\t<div class=\"qodef-m-video-button\">\n\t\t<div class=\"qodef-shortcode qodef-m  qodef-video-button qodef--has-img\">\t\t<div class=\"qodef-m-image\">\t\t<img loading=\"lazy\" decoding=\"async\" width=\"1280\" height=\"850\" src=\"http:\/\/www.dontwait4me.com\/wp-content\/uploads\/2021\/10\/h1-video-img-01.jpg\" class=\"attachment-full size-full\" alt=\"t\" srcset=\"http:\/\/www.dontwait4me.com\/wp-content\/uploads\/2021\/10\/h1-video-img-01.jpg 1280w, http:\/\/www.dontwait4me.com\/wp-content\/uploads\/2021\/10\/h1-video-img-01-300x199.jpg 300w, http:\/\/www.dontwait4me.com\/wp-content\/uploads\/2021\/10\/h1-video-img-01-1024x680.jpg 1024w, http:\/\/www.dontwait4me.com\/wp-content\/uploads\/2021\/10\/h1-video-img-01-768x510.jpg 768w\" sizes=\"(max-width: 1280px) 100vw, 1280px\" \/>\t<\/div>\t\t<a itemprop=\"url\" class=\"qodef-m-play qodef-magnific-popup qodef-popup-item\"  href=\"https:\/\/vimeo.com\/124801644\" data-type=\"iframe\">\t\t<span class=\"qodef-m-play-inner\">\t\t\t<svg class=\"qodef-svg--video-button\" xmlns=\"http:\/\/www.w3.org\/2000\/svg\"\r     xmlns:xlink=\"http:\/\/www.w3.org\/1999\/xlink\" x=\"0px\" y=\"0px\" width=\"206px\"\r     viewBox=\"0 0 206 206\" style=\"enable-background:new 0 0 206 206;\" xml:space=\"preserve\"><circle class=\"qodef-m-circle\" stroke-miterlimit=\"10\" cx=\"103\" cy=\"103\" r=\"100\"\/><path class=\"qodef-m-arrow\" d=\"M95.4,94.4l15,9.4l-15,9.4V94.4z\"\/><path class=\"qodef-m-circle-half qodef--top-half\" stroke-width=\"3\" stroke-miterlimit=\"10\"\r\t      d=\"M16.4,53C44,5.2,105.2-11.2,153,16.4s64.2,88.8,36.6,136.6\"\/><path class=\"qodef-m-circle-half  qodef--bottom-half\" stroke-width=\"3\" stroke-miterlimit=\"10\"\r\t      d=\"M189.6,153C162,200.8,100.8,217.2,53,189.6S-11.2,100.8,16.4,53\"\/><\/svg>\t\t<\/span>\t<\/a><\/div>\t<\/div>\n\t<div class=\"qodef-m-content\">\n\t\t<div class=\"qodef-m-content-image\">\n\t<img loading=\"lazy\" decoding=\"async\" width=\"640\" height=\"850\" src=\"http:\/\/www.dontwait4me.com\/wp-content\/uploads\/2021\/10\/h1-img-06.jpg\" class=\"attachment-full size-full\" alt=\"t\" srcset=\"http:\/\/www.dontwait4me.com\/wp-content\/uploads\/2021\/10\/h1-img-06.jpg 640w, http:\/\/www.dontwait4me.com\/wp-content\/uploads\/2021\/10\/h1-img-06-226x300.jpg 226w\" sizes=\"(max-width: 640px) 100vw, 640px\" \/><\/div>\n\t\t<div class=\"qodef-m-content-inner\" >\n\t\t\t\t<h4 class=\"qodef-m-text\" >\n\t\tSbloccare il successo<br \/> con una fusione di<br \/> competenze tedesche e turche - il tuo percorso discreto verso la prosperit\u00e0\t<\/h4>\n\t\t<\/div>\n\t<\/div>\n<\/div>\n\t\t\t\t<\/div>\n\t\t\t\t<\/div>\n\t\t\t\t\t<\/div>\n\t\t<\/div>\n\t\t\t\t\t<\/div>\n\t\t<\/section>\n\t\t<div class=\"elementor-element elementor-element-b802ca3 e-grid e-con-boxed e-con e-parent\" data-id=\"b802ca3\" data-element_type=\"container\" data-e-type=\"container\">\n\t\t\t\t\t<div class=\"e-con-inner\">\n\t\t\t\t\t<\/div>\n\t\t\t\t<\/div>\n\t\t\t\t<\/div>\n\t\t","protected":false},"excerpt":{"rendered":"<p>Launch your creative ideas. Whatever you imagine we will make it happen with our team of specialists. Jane Katharina Di Renzo Your Path to Success in Europe Begins Here Expertise and roles we are a leaders in. Expansion Excellenc Our foremost goal is to support Turkish SMEs in expanding their operations to Europe seamlessly. We [&hellip;]<\/p>\n","protected":false},"author":1,"featured_media":0,"parent":0,"menu_order":0,"comment_status":"closed","ping_status":"closed","template":"","meta":{"footnotes":""},"class_list":["post-11327","page","type-page","status-publish","hentry"],"_links":{"self":[{"href":"http:\/\/www.dontwait4me.com\/it\/wp-json\/wp\/v2\/pages\/11327","targetHints":{"allow":["GET"]}}],"collection":[{"href":"http:\/\/www.dontwait4me.com\/it\/wp-json\/wp\/v2\/pages"}],"about":[{"href":"http:\/\/www.dontwait4me.com\/it\/wp-json\/wp\/v2\/types\/page"}],"author":[{"embeddable":true,"href":"http:\/\/www.dontwait4me.com\/it\/wp-json\/wp\/v2\/users\/1"}],"replies":[{"embeddable":true,"href":"http:\/\/www.dontwait4me.com\/it\/wp-json\/wp\/v2\/comments?post=11327"}],"version-history":[{"count":3,"href":"http:\/\/www.dontwait4me.com\/it\/wp-json\/wp\/v2\/pages\/11327\/revisions"}],"predecessor-version":[{"id":11331,"href":"http:\/\/www.dontwait4me.com\/it\/wp-json\/wp\/v2\/pages\/11327\/revisions\/11331"}],"wp:attachment":[{"href":"http:\/\/www.dontwait4me.com\/it\/wp-json\/wp\/v2\/media?parent=11327"}],"curies":[{"name":"wp","href":"https:\/\/api.w.org\/{rel}","templated":true}]}}