{"id":11330,"date":"2021-10-07T08:32:19","date_gmt":"2021-10-07T08:32:19","guid":{"rendered":"https:\/\/www.dontwait4me.com\/hakkimizda\/"},"modified":"2025-07-30T08:16:29","modified_gmt":"2025-07-30T08:16:29","slug":"hakkimizda","status":"publish","type":"page","link":"http:\/\/www.dontwait4me.com\/tr\/hakkimizda\/","title":{"rendered":"Hakk\u0131m\u0131zda"},"content":{"rendered":"\t\t<div data-elementor-type=\"wp-page\" data-elementor-id=\"11330\" class=\"elementor elementor-11330 elementor-1140\">\n\t\t\t\t\t\t<section class=\"elementor-section elementor-top-section elementor-element elementor-element-dc36d44 elementor-section-full_width qodef-elementor-content-grid elementor-section-height-default elementor-section-height-default\" data-id=\"dc36d44\" data-element_type=\"section\" data-e-type=\"section\">\n\t\t\t\t\t\t<div class=\"elementor-container elementor-column-gap-default\">\n\t\t\t\t\t<div class=\"elementor-column elementor-col-33 elementor-top-column elementor-element elementor-element-29009b1\" data-id=\"29009b1\" data-element_type=\"column\" data-e-type=\"column\">\n\t\t\t<div class=\"elementor-widget-wrap elementor-element-populated\">\n\t\t\t\t\t\t<section class=\"elementor-section elementor-inner-section elementor-element elementor-element-2e7835b elementor-section-boxed elementor-section-height-default elementor-section-height-default qodef-elementor-content-no\" data-id=\"2e7835b\" data-element_type=\"section\" data-e-type=\"section\">\n\t\t\t\t\t\t<div class=\"elementor-container elementor-column-gap-default\">\n\t\t\t\t\t<div class=\"elementor-column elementor-col-100 elementor-inner-column elementor-element elementor-element-9445372\" data-id=\"9445372\" data-element_type=\"column\" data-e-type=\"column\">\n\t\t\t<div class=\"elementor-widget-wrap elementor-element-populated\">\n\t\t\t\t\t\t<div class=\"elementor-element elementor-element-503d89d elementor-widget elementor-widget-halstein_core_single_image\" data-id=\"503d89d\" data-element_type=\"widget\" data-e-type=\"widget\" data-widget_type=\"halstein_core_single_image.default\">\n\t\t\t\t<div class=\"elementor-widget-container\">\n\t\t\t\t\t<div class=\"qodef-shortcode qodef-m  qodef-single-image qodef-layout--default     \">\n\t<div class=\"qodef-m-image \">\n\t\t\t\t<img decoding=\"async\" width=\"1\" height=\"290\" src=\"http:\/\/www.dontwait4me.com\/wp-content\/uploads\/2021\/10\/h1-img-014.png\" class=\"attachment-full size-full\" alt=\"t\" \/>\t\t\t<\/div>\n<\/div>\n\t\t\t\t<\/div>\n\t\t\t\t<\/div>\n\t\t\t\t\t<\/div>\n\t\t<\/div>\n\t\t\t\t\t<\/div>\n\t\t<\/section>\n\t\t\t\t\t<\/div>\n\t\t<\/div>\n\t\t\t\t<div class=\"elementor-column elementor-col-66 elementor-top-column elementor-element elementor-element-55a6172\" data-id=\"55a6172\" data-element_type=\"column\" data-e-type=\"column\">\n\t\t\t<div class=\"elementor-widget-wrap elementor-element-populated\">\n\t\t\t\t\t\t<section class=\"elementor-section elementor-inner-section elementor-element elementor-element-4027888 elementor-section-full_width elementor-section-height-default elementor-section-height-default qodef-elementor-content-no\" data-id=\"4027888\" data-element_type=\"section\" data-e-type=\"section\">\n\t\t\t\t\t\t<div class=\"elementor-container elementor-column-gap-default\">\n\t\t\t\t\t<div class=\"elementor-column elementor-col-100 elementor-inner-column elementor-element elementor-element-8f0ba53\" data-id=\"8f0ba53\" data-element_type=\"column\" data-e-type=\"column\">\n\t\t\t<div class=\"elementor-widget-wrap elementor-element-populated\">\n\t\t\t\t\t\t<div class=\"elementor-element elementor-element-9c74d8a elementor-widget__width-initial elementor-widget elementor-widget-halstein_core_section_title\" data-id=\"9c74d8a\" data-element_type=\"widget\" data-e-type=\"widget\" data-widget_type=\"halstein_core_section_title.default\">\n\t\t\t\t<div class=\"elementor-widget-container\">\n\t\t\t\t\t<div class=\"qodef-shortcode qodef-m  qodef-section-title qodef-alignment--left  \">\n\t\t\t<h2 class=\"qodef-m-title\" >\n\t\t\t\t\tYarat\u0131c\u0131 fikirlerinizi hayata ge\u00e7irin. Ne hayal <span class=\"qodef-highlight-text\" style=\"color: #B29063\">ederseniz edin,<\/span> uzman ekibimizle ger\u00e7e\u011fe d\u00f6n\u00fc\u015ft\u00fcrece\u011fiz. \t\t\t<\/h2>\n\t\t<h6 class=\"qodef-m-subtitle\" style=\"margin-top: 55px\">\n\t\tJane Katharina di Renzo\t<\/h6>\n\t\t<\/div>\n\t\t\t\t<\/div>\n\t\t\t\t<\/div>\n\t\t\t\t\t<\/div>\n\t\t<\/div>\n\t\t\t\t\t<\/div>\n\t\t<\/section>\n\t\t\t\t\t<\/div>\n\t\t<\/div>\n\t\t\t\t\t<\/div>\n\t\t<\/section>\n\t\t\t\t<section class=\"elementor-section elementor-top-section elementor-element elementor-element-6f88544 elementor-section-full_width qodef-elementor-content-grid elementor-section-height-default elementor-section-height-default\" data-id=\"6f88544\" data-element_type=\"section\" data-e-type=\"section\">\n\t\t\t\t\t\t<div class=\"elementor-container elementor-column-gap-default\">\n\t\t\t\t\t<div class=\"elementor-column elementor-col-100 elementor-top-column elementor-element elementor-element-bc17f53\" data-id=\"bc17f53\" data-element_type=\"column\" data-e-type=\"column\">\n\t\t\t<div class=\"elementor-widget-wrap elementor-element-populated\">\n\t\t\t\t\t\t<div class=\"elementor-element elementor-element-f6159e4 elementor-widget__width-initial elementor-widget elementor-widget-halstein_core_section_title\" data-id=\"f6159e4\" data-element_type=\"widget\" data-e-type=\"widget\" data-widget_type=\"halstein_core_section_title.default\">\n\t\t\t\t<div class=\"elementor-widget-container\">\n\t\t\t\t\t<div class=\"qodef-shortcode qodef-m  qodef-section-title qodef-alignment--left  \">\n\t\t<h6 class=\"qodef-m-tagline\" >\n\t\tAvrupa&#039;daki ba\u015far\u0131 yolculu\u011funuz burada ba\u015fl\u0131yor\t<\/h6>\n\t\t<h2 class=\"qodef-m-title\" >\n\t\t\t\t\tLider oldu\u011fumuz uzmanl\u0131k alanlar\u0131 ve roller.\t\t\t<\/h2>\n\t\t\t<\/div>\n\t\t\t\t<\/div>\n\t\t\t\t<\/div>\n\t\t\t\t<section class=\"elementor-section elementor-inner-section elementor-element elementor-element-039603f elementor-section-boxed elementor-section-height-default elementor-section-height-default qodef-elementor-content-no\" data-id=\"039603f\" data-element_type=\"section\" data-e-type=\"section\">\n\t\t\t\t\t\t<div class=\"elementor-container elementor-column-gap-default\">\n\t\t\t\t\t<div class=\"elementor-column elementor-col-50 elementor-inner-column elementor-element elementor-element-b313fb7\" data-id=\"b313fb7\" data-element_type=\"column\" data-e-type=\"column\">\n\t\t\t<div class=\"elementor-widget-wrap elementor-element-populated\">\n\t\t\t\t\t\t<div class=\"elementor-element elementor-element-0f93ce8 elementor-widget elementor-widget-halstein_core_list_items\" data-id=\"0f93ce8\" data-element_type=\"widget\" data-e-type=\"widget\" data-widget_type=\"halstein_core_list_items.default\">\n\t\t\t\t<div class=\"elementor-widget-container\">\n\t\t\t\t\t<div class=\"qodef-shortcode qodef-m  qodef-list-items qodef-layout--numbered-list \">\n\t\t\t<ol class=\"qodef-m-list\" >\n\t\t\t\t\t\t\t\t<li class=\"qodef-m-list-item\" >\n\t\t<h4 class=\"qodef-m-list-item-title\" >\n\t\t\t\tGeni\u015fleme m\u00fckemmelli\u011fi\t\t\t<\/h4>\n\t<p class=\"qodef-m-list-item-text\" >\n\t\tEn \u00f6nemli hedefimiz, T\u00fcrk KOB\u0130&#039;lerinin Avrupa&#039;ya sorunsuz bir \u015fekilde geni\u015flemesini desteklemektir. Geni\u015fleme s\u00fcrecini m\u00fcmk\u00fcn oldu\u011funca p\u00fcr\u00fczs\u00fcz ve verimli hale getirmeye adanm\u0131\u015f durumday\u0131z, b\u00f6ylece gereksiz engellerle kar\u015f\u0131la\u015fmadan Alman pazar\u0131n\u0131n geni\u015f potansiyelinden yararlanabilirsiniz. \t<\/p>\n<\/li>\n\t\t\t\t\t\t\t\t<li class=\"qodef-m-list-item\" >\n\t\t<h4 class=\"qodef-m-list-item-title\" >\n\t\t\t\tMaliyet verimlili\u011fi\t\t\t<\/h4>\n\t<p class=\"qodef-m-list-item-text\" >\n\t\tHizmetlerimiz size zaman ve para kazand\u0131rmak i\u00e7in tasarlanm\u0131\u015ft\u0131r. Ba\u015flang\u0131\u00e7ta do\u011fru lokasyonu se\u00e7erek, maliyetli hatalardan ka\u00e7\u0131nabilir ve i\u015fletmenizin b\u00fcy\u00fcme ve k\u00e2rl\u0131l\u0131k i\u00e7in iyi konumland\u0131r\u0131lmas\u0131n\u0131 sa\u011flayabilirsiniz. \t<\/p>\n<\/li>\n\t\t\t\t<\/ol>\n\t<\/div>\n\t\t\t\t<\/div>\n\t\t\t\t<\/div>\n\t\t\t\t\t<\/div>\n\t\t<\/div>\n\t\t\t\t<div class=\"elementor-column elementor-col-50 elementor-inner-column elementor-element elementor-element-0d98797\" data-id=\"0d98797\" data-element_type=\"column\" data-e-type=\"column\">\n\t\t\t<div class=\"elementor-widget-wrap elementor-element-populated\">\n\t\t\t\t\t\t<div class=\"elementor-element elementor-element-db9347b elementor-widget elementor-widget-halstein_core_list_items\" data-id=\"db9347b\" data-element_type=\"widget\" data-e-type=\"widget\" data-widget_type=\"halstein_core_list_items.default\">\n\t\t\t\t<div class=\"elementor-widget-container\">\n\t\t\t\t\t<div class=\"qodef-shortcode qodef-m  qodef-list-items qodef-layout--numbered-list \">\n\t\t\t<ol class=\"qodef-m-list\" style=\"counter-reset: counter 4\">\n\t\t\t\t\t\t\t\t<li class=\"qodef-m-list-item\" >\n\t\t<h4 class=\"qodef-m-list-item-title\" >\n\t\t\t\t\u00d6zelle\u015ftirilmi\u015f \u00e7\u00f6z\u00fcmler\t\t\t<\/h4>\n\t<p class=\"qodef-m-list-item-text\" >\n\t\tHer i\u015fletmenin kendine \u00f6zg\u00fc gereksinimleri vard\u0131r ve lokasyonunuz bunu yans\u0131tmal\u0131d\u0131r. Sizinle yak\u0131n \u00e7al\u0131\u015farak \u00f6zel ihtiya\u00e7lar\u0131n\u0131z\u0131 ve tercihlerinizi anlar\u0131z. Bu \u015fekilde, vizyonunuza ve hedeflerinize uygun \u00f6zelle\u015ftirilmi\u015f bir lokasyon ke\u015fif hizmeti sunabiliriz.  \t<\/p>\n<\/li>\n\t\t\t\t\t\t\t\t<li class=\"qodef-m-list-item\" >\n\t\t<h4 class=\"qodef-m-list-item-title\" >\n\t\t\t\tKapsaml\u0131 analiz\t\t\t<\/h4>\n\t<p class=\"qodef-m-list-item-text\" >\n\t\tDo\u011fru lokasyonu se\u00e7mek sadece co\u011frafya ile ilgili de\u011fildir. Ayn\u0131 zamanda pazar potansiyeli, altyap\u0131, i\u015fg\u00fcc\u00fc mevcudiyeti ve daha fazlas\u0131 ile ilgilidir. Her lokasyonun kapsaml\u0131 bir analizini yapar\u0131z, pazar dinamikleri, eri\u015filebilirlik, rekabet ve d\u00fczenleyici hususlar gibi fakt\u00f6rleri dikkate al\u0131r\u0131z.  \t<\/p>\n<\/li>\n\t\t\t\t<\/ol>\n\t<\/div>\n\t\t\t\t<\/div>\n\t\t\t\t<\/div>\n\t\t\t\t\t<\/div>\n\t\t<\/div>\n\t\t\t\t\t<\/div>\n\t\t<\/section>\n\t\t\t\t\t<\/div>\n\t\t<\/div>\n\t\t\t\t\t<\/div>\n\t\t<\/section>\n\t\t<div class=\"elementor-element elementor-element-32954f9 e-grid e-con-boxed e-con e-parent\" data-id=\"32954f9\" data-element_type=\"container\" data-e-type=\"container\">\n\t\t\t\t\t<div class=\"e-con-inner\">\n\t\t\t\t<div class=\"elementor-element elementor-element-39022fb elementor-widget elementor-widget-qi_addons_for_elementor_team_member\" data-id=\"39022fb\" data-element_type=\"widget\" data-e-type=\"widget\" data-widget_type=\"qi_addons_for_elementor_team_member.default\">\n\t\t\t\t<div class=\"elementor-widget-container\">\n\t\t\t\t\t<div class=\"qodef-shortcode qodef-m qodef-qi-team-member qodef-item-layout--info-below\">\n\t<div class=\"qodef-m-inner\">\n\t\t<div class=\"qodef-m-image\">\n\t\t\t\t<div class=\"qodef-m-media-image\">\n\t\t<img fetchpriority=\"high\" decoding=\"async\" width=\"2560\" height=\"2180\" src=\"http:\/\/www.dontwait4me.com\/wp-content\/uploads\/2025\/03\/Merve-scaled.jpg\" class=\"attachment-full size-full\" alt=\"\" srcset=\"http:\/\/www.dontwait4me.com\/wp-content\/uploads\/2025\/03\/Merve-scaled.jpg 2560w, http:\/\/www.dontwait4me.com\/wp-content\/uploads\/2025\/03\/Merve-300x256.jpg 300w, http:\/\/www.dontwait4me.com\/wp-content\/uploads\/2025\/03\/Merve-1024x872.jpg 1024w, http:\/\/www.dontwait4me.com\/wp-content\/uploads\/2025\/03\/Merve-768x654.jpg 768w, http:\/\/www.dontwait4me.com\/wp-content\/uploads\/2025\/03\/Merve-1536x1308.jpg 1536w, http:\/\/www.dontwait4me.com\/wp-content\/uploads\/2025\/03\/Merve-2048x1744.jpg 2048w, http:\/\/www.dontwait4me.com\/wp-content\/uploads\/2025\/03\/Merve-14x12.jpg 14w\" sizes=\"(max-width: 2560px) 100vw, 2560px\" \/>\t<\/div>\n\t\t<\/div>\n\t\t<div class=\"qodef-m-content\">\n\t\t\t\t<h4 itemprop=\"name\" class=\"qodef-m-title\">\n\t\tMerve \u00c7akalo\u011flu\t<\/h4>\n\t\t\t\t\t<p class=\"qodef-m-role\">Uluslararas\u0131 i\u015f geli\u015ftirme dan\u0131\u015fman\u0131<\/p>\n\t\t\t\t<div class=\"qodef-m-social-icons\">\n\t\t\t\t\t\t\t<a class=\"qodef-e-social-icon-link\" itemprop=\"url\" href=\"http:\/\/mervcakal@gmail.com\" target=\"_blank\" rel=\"nofollow\">\n\t\t\t\t\t\t\t\t<span class=\"qodef-e-social-icon\">\n\t\t\t\t\t<i aria-hidden=\"true\" class=\"far fa-envelope\"><\/i>\t\t\t\t<\/span>\n\t\t\t\t\t\t\t\t\t<\/a>\n\t\t\t\t\t\t<\/div>\n\t\t<\/div>\n\t<\/div>\n<\/div>\n\t\t\t\t<\/div>\n\t\t\t\t<\/div>\n\t\t\t\t<div class=\"elementor-element elementor-element-ab3d5e7 elementor-widget elementor-widget-halstein_core_list_items\" data-id=\"ab3d5e7\" data-element_type=\"widget\" data-e-type=\"widget\" data-widget_type=\"halstein_core_list_items.default\">\n\t\t\t\t<div class=\"elementor-widget-container\">\n\t\t\t\t\t<div class=\"qodef-shortcode qodef-m  qodef-list-items qodef-layout--bulleted-list \">\n\t\t\t<ul class=\"qodef-m-list\" >\n\t\t\t\t\t\t\t\t<li class=\"qodef-m-list-item\" >\n\t<span class=\"qodef-m-list-item-marker\" >\n\t<svg class=\"qodef-svg--bulleted-list-marker qodef-m-marker\" xmlns=\"http:\/\/www.w3.org\/2000\/svg\" width=\"9\" height=\"9\" viewBox=\"0 0 9 9\"><path d=\"M4.5 0A4.5 4.5 0 1 1 0 4.5 4.5 4.5 0 0 1 4.5 0Z\"\/><\/svg><\/span>\n\t<h4 class=\"qodef-m-list-item-title\" >\n\t\t\t\tMerve ile tan\u0131\u015f\u0131n \u2013 Avrupa&#039;daki \u0130\u015f Dan\u0131\u015fman\u0131n\u0131z\t\t\t<\/h4>\n\t<p class=\"qodef-m-list-item-text\" >\n\t\tMerve, Avrupa&#039;da i\u015finizi ba\u015flatma veya geni\u015fletme yolculu\u011funuzda g\u00fcvenilir dan\u0131\u015fman\u0131n\u0131z olacak. K\u00fcresel i\u015fletmeler ve startuplar genelinde 15 y\u0131ll\u0131k pazarlama deneyimiyle, pazara giri\u015f stratejileri, markala\u015fma ve i\u015f geli\u015ftirme konular\u0131nda derin uzmanl\u0131k getiriyor. \u0130\u015fletmelerin b\u00fcy\u00fcmesine yard\u0131mc\u0131 olmaya tutkulu olan Merve, benzersiz ihtiya\u00e7lar\u0131n\u0131za \u00f6zel yenilik\u00e7i stratejiler sunar. Yeni pazarlarda yol al\u0131rken, markan\u0131z\u0131 geli\u015ftirirken veya operasyonlar\u0131n\u0131z\u0131 \u00f6l\u00e7eklendirirken, stratejik ve sonu\u00e7 odakl\u0131 bir yakla\u015f\u0131m sa\u011flar, ba\u015far\u0131n\u0131za yard\u0131mc\u0131 olacak stratejik i\u00e7g\u00f6r\u00fcler sunar. T\u00fcrk\u00e7e ve \u0130ngilizce&#039;de ak\u0131c\u0131, Hollandaca&#039;da yetkin. Merve, Avrupa pazar\u0131n\u0131n karma\u015f\u0131kl\u0131klar\u0131nda size netlik ve g\u00fcvenle rehberlik edecek. Ba\u015far\u0131n\u0131z\u0131 birlikte \u015fekillendirelim. Merhaba deyin.        \t<\/p>\n<\/li>\n\t\t\t\t<\/ul>\n\t<\/div>\n\t\t\t\t<\/div>\n\t\t\t\t<\/div>\n\t\t\t\t\t<\/div>\n\t\t\t\t<\/div>\n\t\t<div class=\"elementor-element elementor-element-a4e3b8e e-grid e-con-boxed e-con e-parent\" data-id=\"a4e3b8e\" data-element_type=\"container\" data-e-type=\"container\">\n\t\t\t\t\t<div class=\"e-con-inner\">\n\t\t\t\t<div class=\"elementor-element elementor-element-d5592b9 elementor-widget elementor-widget-halstein_core_list_items\" data-id=\"d5592b9\" data-element_type=\"widget\" data-e-type=\"widget\" data-widget_type=\"halstein_core_list_items.default\">\n\t\t\t\t<div class=\"elementor-widget-container\">\n\t\t\t\t\t<div class=\"qodef-shortcode qodef-m  qodef-list-items qodef-layout--bulleted-list \">\n\t\t\t<ul class=\"qodef-m-list\" >\n\t\t\t\t\t\t\t\t<li class=\"qodef-m-list-item\" >\n\t<span class=\"qodef-m-list-item-marker\" >\n\t<svg class=\"qodef-svg--bulleted-list-marker qodef-m-marker\" xmlns=\"http:\/\/www.w3.org\/2000\/svg\" width=\"9\" height=\"9\" viewBox=\"0 0 9 9\"><path d=\"M4.5 0A4.5 4.5 0 1 1 0 4.5 4.5 4.5 0 0 1 4.5 0Z\"\/><\/svg><\/span>\n\t<h4 class=\"qodef-m-list-item-title\" >\n\t\t\t\tJane, i\u015finizi ba\u015flatma ve geni\u015fletme konusunda uzman orta\u011f\u0131n\u0131z olacak.\t\t\t<\/h4>\n\t<p class=\"qodef-m-list-item-text\" >\n\t\tOn y\u0131l\u0131 a\u015fk\u0131n bir s\u00fcredir i\u015fletmeler kurma ve b\u00fcy\u00fctme deneyimiyle, \u015firket kurulu\u015fu, stratejik geni\u015fleme ve s\u00f6zle\u015fme y\u00f6netimi konular\u0131nda uzmanla\u015fm\u0131\u015ft\u0131r. \u00c7e\u015fitli sekt\u00f6rlerde T\u00fcrk i\u015fletmelerini Almanya&#039;da ba\u015far\u0131yla kurmu\u015f olan Jane, s\u0131n\u0131r \u00f6tesi i\u015f b\u00fcy\u00fcmesinin karma\u015f\u0131kl\u0131klar\u0131n\u0131 anl\u0131yor. Stratejik \u00d6ng\u00f6r\u00fc ve Pazarlama konular\u0131ndaki uzmanl\u0131\u011f\u0131, ba\u015far\u0131n\u0131za y\u00f6nelik ileriye d\u00f6n\u00fck stratejiler olu\u015fturmas\u0131n\u0131 sa\u011fl\u0131yor. Yeni bir pazara girerken, operasyonlar\u0131 optimize ederken veya stratejik ortakl\u0131klar kurarken, Jane sorunsuz ve sonu\u00e7 odakl\u0131 bir s\u00fcre\u00e7 sa\u011flar. Diller: \u0130ngilizce, Almanca, \u0130talyanca, T\u00fcrk\u00e7e. \u0130\u015finizi g\u00fcvenle in\u015fa edelim. Merhaba deyin.      \t<\/p>\n<\/li>\n\t\t\t\t<\/ul>\n\t<\/div>\n\t\t\t\t<\/div>\n\t\t\t\t<\/div>\n\t\t\t\t<div class=\"elementor-element elementor-element-beec7a6 elementor-widget elementor-widget-qi_addons_for_elementor_team_member\" data-id=\"beec7a6\" data-element_type=\"widget\" data-e-type=\"widget\" data-widget_type=\"qi_addons_for_elementor_team_member.default\">\n\t\t\t\t<div class=\"elementor-widget-container\">\n\t\t\t\t\t<div class=\"qodef-shortcode qodef-m qodef-qi-team-member qodef-item-layout--info-below\">\n\t<div class=\"qodef-m-inner\">\n\t\t<div class=\"qodef-m-image\">\n\t\t\t\t<div class=\"qodef-m-media-image\">\n\t\t<img decoding=\"async\" width=\"480\" height=\"506\" src=\"http:\/\/www.dontwait4me.com\/wp-content\/uploads\/2025\/03\/IMG_6827-1.jpeg\" class=\"attachment-full size-full\" alt=\"\" srcset=\"http:\/\/www.dontwait4me.com\/wp-content\/uploads\/2025\/03\/IMG_6827-1.jpeg 480w, http:\/\/www.dontwait4me.com\/wp-content\/uploads\/2025\/03\/IMG_6827-1-285x300.jpeg 285w, http:\/\/www.dontwait4me.com\/wp-content\/uploads\/2025\/03\/IMG_6827-1-11x12.jpeg 11w\" sizes=\"(max-width: 480px) 100vw, 480px\" \/>\t<\/div>\n\t\t<\/div>\n\t\t<div class=\"qodef-m-content\">\n\t\t\t\t<h4 itemprop=\"name\" class=\"qodef-m-title\">\n\t\tJane Katharina di Renzo\t<\/h4>\n\t\t\t\t\t<p class=\"qodef-m-role\">Uluslararas\u0131 i\u015f geli\u015ftirme dan\u0131\u015fman\u0131<\/p>\n\t\t\t\t<div class=\"qodef-m-social-icons\">\n\t\t\t\t\t\t\t<a class=\"qodef-e-social-icon-link\" itemprop=\"url\" href=\"http:\/\/mervcakal@gmail.com\" target=\"_blank\" rel=\"nofollow\">\n\t\t\t\t\t\t\t\t<span class=\"qodef-e-social-icon\">\n\t\t\t\t\t<i aria-hidden=\"true\" class=\"far fa-envelope\"><\/i>\t\t\t\t<\/span>\n\t\t\t\t\t\t\t\t\t<\/a>\n\t\t\t\t\t\t<\/div>\n\t\t<\/div>\n\t<\/div>\n<\/div>\n\t\t\t\t<\/div>\n\t\t\t\t<\/div>\n\t\t\t\t\t<\/div>\n\t\t\t\t<\/div>\n\t\t\t\t<section class=\"elementor-section elementor-top-section elementor-element elementor-element-41c2d8e elementor-section-full_width elementor-section-height-default elementor-section-height-default qodef-elementor-content-no\" data-id=\"41c2d8e\" data-element_type=\"section\" data-e-type=\"section\">\n\t\t\t\t\t\t<div class=\"elementor-container elementor-column-gap-default\">\n\t\t\t\t\t<div class=\"elementor-column elementor-col-100 elementor-top-column elementor-element elementor-element-ee9175b\" data-id=\"ee9175b\" data-element_type=\"column\" data-e-type=\"column\">\n\t\t\t<div class=\"elementor-widget-wrap elementor-element-populated\">\n\t\t\t\t\t\t<div class=\"elementor-element elementor-element-765a4ea elementor-widget elementor-widget-spacer\" data-id=\"765a4ea\" data-element_type=\"widget\" data-e-type=\"widget\" data-widget_type=\"spacer.default\">\n\t\t\t\t<div class=\"elementor-widget-container\">\n\t\t\t\t\t\t\t<div class=\"elementor-spacer\">\n\t\t\t<div class=\"elementor-spacer-inner\"><\/div>\n\t\t<\/div>\n\t\t\t\t\t\t<\/div>\n\t\t\t\t<\/div>\n\t\t\t\t<div class=\"elementor-element elementor-element-6f944b8 elementor-widget elementor-widget-halstein_core_video_button_with_text\" data-id=\"6f944b8\" data-element_type=\"widget\" data-e-type=\"widget\" data-widget_type=\"halstein_core_video_button_with_text.default\">\n\t\t\t\t<div class=\"elementor-widget-container\">\n\t\t\t\t\t<div class=\"qodef-shortcode qodef-m  qodef-video-button-with-text qodef-layout--video-button-left \">\n\t\t<div class=\"qodef-m-video-button\">\n\t\t<div class=\"qodef-shortcode qodef-m  qodef-video-button qodef--has-img\">\t\t<div class=\"qodef-m-image\">\t\t<img loading=\"lazy\" decoding=\"async\" width=\"1280\" height=\"850\" src=\"http:\/\/www.dontwait4me.com\/wp-content\/uploads\/2021\/10\/h1-video-img-01.jpg\" class=\"attachment-full size-full\" alt=\"t\" srcset=\"http:\/\/www.dontwait4me.com\/wp-content\/uploads\/2021\/10\/h1-video-img-01.jpg 1280w, http:\/\/www.dontwait4me.com\/wp-content\/uploads\/2021\/10\/h1-video-img-01-300x199.jpg 300w, http:\/\/www.dontwait4me.com\/wp-content\/uploads\/2021\/10\/h1-video-img-01-1024x680.jpg 1024w, http:\/\/www.dontwait4me.com\/wp-content\/uploads\/2021\/10\/h1-video-img-01-768x510.jpg 768w\" sizes=\"(max-width: 1280px) 100vw, 1280px\" \/>\t<\/div>\t\t<a itemprop=\"url\" class=\"qodef-m-play qodef-magnific-popup qodef-popup-item\"  href=\"https:\/\/vimeo.com\/124801644\" data-type=\"iframe\">\t\t<span class=\"qodef-m-play-inner\">\t\t\t<svg class=\"qodef-svg--video-button\" xmlns=\"http:\/\/www.w3.org\/2000\/svg\"\r     xmlns:xlink=\"http:\/\/www.w3.org\/1999\/xlink\" x=\"0px\" y=\"0px\" width=\"206px\"\r     viewBox=\"0 0 206 206\" style=\"enable-background:new 0 0 206 206;\" xml:space=\"preserve\"><circle class=\"qodef-m-circle\" stroke-miterlimit=\"10\" cx=\"103\" cy=\"103\" r=\"100\"\/><path class=\"qodef-m-arrow\" d=\"M95.4,94.4l15,9.4l-15,9.4V94.4z\"\/><path class=\"qodef-m-circle-half qodef--top-half\" stroke-width=\"3\" stroke-miterlimit=\"10\"\r\t      d=\"M16.4,53C44,5.2,105.2-11.2,153,16.4s64.2,88.8,36.6,136.6\"\/><path class=\"qodef-m-circle-half  qodef--bottom-half\" stroke-width=\"3\" stroke-miterlimit=\"10\"\r\t      d=\"M189.6,153C162,200.8,100.8,217.2,53,189.6S-11.2,100.8,16.4,53\"\/><\/svg>\t\t<\/span>\t<\/a><\/div>\t<\/div>\n\t<div class=\"qodef-m-content\">\n\t\t<div class=\"qodef-m-content-image\">\n\t<img loading=\"lazy\" decoding=\"async\" width=\"640\" height=\"850\" src=\"http:\/\/www.dontwait4me.com\/wp-content\/uploads\/2021\/10\/h1-img-06.jpg\" class=\"attachment-full size-full\" alt=\"t\" srcset=\"http:\/\/www.dontwait4me.com\/wp-content\/uploads\/2021\/10\/h1-img-06.jpg 640w, http:\/\/www.dontwait4me.com\/wp-content\/uploads\/2021\/10\/h1-img-06-226x300.jpg 226w\" sizes=\"(max-width: 640px) 100vw, 640px\" \/><\/div>\n\t\t<div class=\"qodef-m-content-inner\" >\n\t\t\t\t<h4 class=\"qodef-m-text\" >\n\t\tAlman ve T\u00fcrk<br \/> uzmanl\u0131\u011f\u0131n\u0131n birle\u015fimiyle ba\u015far\u0131n\u0131n kilidini<br \/> a\u00e7mak - refah\u0131n\u0131za giden gizli yol\t<\/h4>\n\t\t<\/div>\n\t<\/div>\n<\/div>\n\t\t\t\t<\/div>\n\t\t\t\t<\/div>\n\t\t\t\t\t<\/div>\n\t\t<\/div>\n\t\t\t\t\t<\/div>\n\t\t<\/section>\n\t\t<div class=\"elementor-element elementor-element-b802ca3 e-grid e-con-boxed e-con e-parent\" data-id=\"b802ca3\" data-element_type=\"container\" data-e-type=\"container\">\n\t\t\t\t\t<div class=\"e-con-inner\">\n\t\t\t\t\t<\/div>\n\t\t\t\t<\/div>\n\t\t\t\t<\/div>\n\t\t","protected":false},"excerpt":{"rendered":"<p>Launch your creative ideas. Whatever you imagine we will make it happen with our team of specialists. Jane Katharina Di Renzo Your Path to Success in Europe Begins Here Expertise and roles we are a leaders in. Expansion Excellenc Our foremost goal is to support Turkish SMEs in expanding their operations to Europe seamlessly. We [&hellip;]<\/p>\n","protected":false},"author":1,"featured_media":0,"parent":0,"menu_order":0,"comment_status":"closed","ping_status":"closed","template":"","meta":{"footnotes":""},"class_list":["post-11330","page","type-page","status-publish","hentry"],"_links":{"self":[{"href":"http:\/\/www.dontwait4me.com\/tr\/wp-json\/wp\/v2\/pages\/11330","targetHints":{"allow":["GET"]}}],"collection":[{"href":"http:\/\/www.dontwait4me.com\/tr\/wp-json\/wp\/v2\/pages"}],"about":[{"href":"http:\/\/www.dontwait4me.com\/tr\/wp-json\/wp\/v2\/types\/page"}],"author":[{"embeddable":true,"href":"http:\/\/www.dontwait4me.com\/tr\/wp-json\/wp\/v2\/users\/1"}],"replies":[{"embeddable":true,"href":"http:\/\/www.dontwait4me.com\/tr\/wp-json\/wp\/v2\/comments?post=11330"}],"version-history":[{"count":3,"href":"http:\/\/www.dontwait4me.com\/tr\/wp-json\/wp\/v2\/pages\/11330\/revisions"}],"predecessor-version":[{"id":11334,"href":"http:\/\/www.dontwait4me.com\/tr\/wp-json\/wp\/v2\/pages\/11330\/revisions\/11334"}],"wp:attachment":[{"href":"http:\/\/www.dontwait4me.com\/tr\/wp-json\/wp\/v2\/media?parent=11330"}],"curies":[{"name":"wp","href":"https:\/\/api.w.org\/{rel}","templated":true}]}}